{"id":1088,"date":"2025-08-27T07:59:50","date_gmt":"2025-08-27T07:59:50","guid":{"rendered":"https:\/\/tjt.travelblox.eu\/?page_id=1088"},"modified":"2026-02-11T10:03:38","modified_gmt":"2026-02-11T10:03:38","slug":"prereg-jordan-trail-v2","status":"publish","type":"page","link":"https:\/\/tjt.travelblox.eu\/de\/prereg-jordan-trail-v2\/","title":{"rendered":"Prereg Jordan Trail V2"},"content":{"rendered":"<div class=\"tb-header tb-block align-center background-dark pattern-none variant-none\" id=\"header\" data-fallback-background=\"https:\/\/vz-2d98b19f-729.b-cdn.net\/37a4f2e9-3688-43fa-a713-eeae62588cc7\/thumbnail.jpg\" style=\"background-image: url('https:\/\/vz-2d98b19f-729.b-cdn.net\/37a4f2e9-3688-43fa-a713-eeae62588cc7\/thumbnail.jpg'); background-position:center;\">\n    <div class=\"tb-header-foreground\">\n        <div class=\"inner-block\">\n\n            <div class=\"main-part\">\n                <div class=\"text-part\">\n                                                                                            <h1>\t<span class=\"tb-logo\"  style=\"-webkit-mask-image: url(https:\/\/tjt.travelblox.eu\/wp-content\/uploads\/sites\/78\/2025\/06\/TJT_Logo-Remake2021-WIT.svg); mask-image: url(https:\/\/tjt.travelblox.eu\/wp-content\/uploads\/sites\/78\/2025\/06\/TJT_Logo-Remake2021-WIT.svg)\">\n\t\t<img src='https:\/\/tjt.travelblox.eu\/wp-content\/uploads\/sites\/78\/2025\/06\/TJT_Logo-Remake2021-WIT.svg' width='1024' height='1024' alt='Das Jordan Trail-Logo' title='Der Jordan Trail' loading='lazy'>\n\t<\/span>\n<\/h1>\n                                                                                        <h2 class=\"tb-subtitle\">\t\t<div class=\"translation-block\"><p>Wandere entlang des Jordan Trails nach Petra: eine legend\u00e4re Handelsroute durch den Nahen Osten<\/p><\/div>\n\t<\/h2>\n                                                                                                                                <div class=\"tb-buttons-part\">\n                                                            \t\t<a href=\"https:\/\/travelbase.typeform.com\/TJT26FNLPrereg\"  target=\"_blank\" data-mode=\"popup\" data-url=\"https:\/\/travelbase.typeform.com\/TJT26FNLPrereg\" class=\"tb-button typeform-share\">\n\t\t\tF\u00fcr Fr\u00fchjahr 2026 unverbindlich vorregistrieren\t\t<\/a>\n\t\t\t\t\t<script>\n\t\t\t\t(function() {\n\t\t\t\t\tvar qs, js, q, s, d = document,\n\t\t\t\t\t\tgi = d.getElementById,\n\t\t\t\t\t\tce = d.createElement,\n\t\t\t\t\t\tgt = d.getElementsByTagName,\n\t\t\t\t\t\tid = \"typef_orm_share\",\n\t\t\t\t\t\tb = \"https:\/\/embed.typeform.com\/\";\n\t\t\t\t\tif (!gi.call(d, id)) {\n\t\t\t\t\t\tjs = ce.call(d, \"script\");\n\t\t\t\t\t\tjs.id = id;\n\t\t\t\t\t\tjs.src = b + \"embed.js\";\n\t\t\t\t\t\tq = gt.call(d, \"script\")[0];\n\t\t\t\t\t\tq.parentNode.insertBefore(js, q);\n\t\t\t\t\t}\n\t\t\t\t})();\n\t\t\t<\/script>\n\t\t                                                                                        \t\t<a href=\"https:\/\/thejordantrail.org\/de\"  target=\"\" class=\"tb-buttonlink\">\n\t\t\tMehr Infos zum Jordan Trail\t\t<\/a>\n\t\t                                                    <\/div>\n                                                        <\/div>\n            <\/div>\n            \n                    <\/div>\n    <\/div>\n\n                        <div class=\"tb-header-background tb-header-background--has-iframe\">\n                        <iframe src=\"https:\/\/iframe.mediadelivery.net\/embed\/306445\/37a4f2e9-3688-43fa-a713-eeae62588cc7?autoplay=true&#038;preload=true&#038;loop=true&#038;responsive=true&#038;muted=true\" allow=\"accelerometer;gyroscope;encrypted-media;picture-in-picture;autoplay;muted;\" allowfullscreen=\"true\" style=\"border: none;\" loading=\"lazy\"><\/iframe>                    <\/div>\n    \n    \n<\/div>\n\n\n<div class=\"tb-intro tb-block align-none background-middle pattern-none variant-none tb-collapsible-margins\" id=\"intro\">\n    <div class=\"inner-block tb-fade-in tb-fade-in--subtle\">\n\n        \n\n        <div class=\"text-part content-part\">\n            <div class=\"title-meta-inclusive\">\n                <div class=\"title-and-meta\">\n                                            <div class=\"title-part\">\n                                                            <h3>Lust auf eine unvergessliche Wanderung durch Jordanien?<\/h3>\n                                                                                                                            <h4>\t\t<div class=\"translation-block\">Der Jordan Trail<\/div>\n\t<\/h4>\n                                                                                    <\/div>\n                                        <ul class=\"meta-data\">\n                                                    <li>\n                                <i class=\"fa fa-regular fa-tag\"><\/i>\n                                <span>Shobak &#8211; Petra<\/span>\n                            <\/li>\n                                                                            <li>\n                                <i class=\"fa fa-regular fa-calendar\"><\/i>\n                                <span><p>Herbst 2026<\/p>\n<\/span>\n                            <\/li>\n                                            <\/ul>\n                <\/div>\n                                    <div class=\"inclusive\">\n                                                    <h6>Inklusive Leistungen<\/h6>\n                                                <ul class=\"\">\n                                                            <li class=\"visible\">\n                                                                            \t\t\t\t<i class=\"icon fa-solid fa-person-hiking\" aria-hidden=\"true\"><\/i>\n\t\t\t                                                                                                                <span>Vollst\u00e4ndig ausgearbeitete Route<\/span>\n                                                                    <\/li>\n                                                            <li class=\"visible\">\n                                                                            \t\t\t\t<i class=\"icon fa-solid fa-tent\" aria-hidden=\"true\"><\/i>\n\t\t\t                                                                                                                <span>4 Camping\u00fcbernachtungen an spektakul\u00e4ren Orten<\/span>\n                                                                    <\/li>\n                                                            <li class=\"visible\">\n                                                                            \t\t\t\t<i class=\"icon fa-kit fa-tb-icon-hotel\" aria-hidden=\"true\"><\/i>\n\t\t\t                                                                                                                <span>2 Hotel\u00fcbernachtungen in Amman und Petra<\/span>\n                                                                    <\/li>\n                                                            <li class=\"visible\">\n                                                                            \t\t\t\t<i class=\"icon fa-kit fa-tb-icon-jeep\" aria-hidden=\"true\"><\/i>\n\t\t\t                                                                                                                <span> Alle internen Transporte per Shuttle<\/span>\n                                                                    <\/li>\n                                                            <li class=\"visible\">\n                                                                            \t\t\t\t<i class=\"icon fa-solid fa-bolt\" aria-hidden=\"true\"><\/i>\n\t\t\t                                                                                                                <span>Gep\u00e4cktransport zwischen den Campingpl\u00e4tzen<\/span>\n                                                                    <\/li>\n                                                    <\/ul>\n                                            <\/div>\n                            <\/div>\n\n                            <div class=\"tb-buttons desktop-only\">\n                                            <a href=\"https:\/\/travelbase.typeform.com\/TJT26FNLPrereg\" class=\"tb-button\">\n                                                            F\u00fcr Herbst 2026 vorregistrieren                                                    <\/a>\n                                                                <a href=\"https:\/\/thejordantrail.org\/de\" class=\"tb-buttonlink\">\n                                                            Entdecke den Jordan Trail                                                    <\/a>\n                                    <\/div>\n                    <\/div>\n                                    <div class=\"image-part\">\n                    \t\t\t\t<div class=\"inner-block-full-width has-tb-carousel tb-carousel-slider\" >\n\t\t\t<div class=\"tb-carousel-container\">\n\t\t\t\t<div class=\"entries tb-cards\" data-slider-first=\"0\">\n\t\t\t\t\t\t\t\t\t<div class=\"entry\">\n\t\t\t\t<div class=\"tb-image-part\">\n\t\t\t\t\t<figure>\n\t\t\t\t\t\t<img src='https:\/\/tjt.travelblox.eu\/wp-content\/uploads\/sites\/78\/2024\/01\/derjordantrail-nicaseitz-und-simeonkraeft-8-768x512.jpg' width='768' height='512' alt='Wadi Gwher - Der Jordan Trail' loading='lazy' image_size='medium_large'>\t\t\t\t\t\t\t\t\t\t\t\t\t\t\t\t\t\t\t\t\t\t\t\t\t\t\t\t\t\t\t<\/figure>\n\t\t\t\t<\/div>\n\t\t\t<\/div>\n\t\t\t\t\t<div class=\"entry\">\n\t\t\t\t<div class=\"tb-image-part\">\n\t\t\t\t\t<figure>\n\t\t\t\t\t\t<img src='https:\/\/tjt.travelblox.eu\/wp-content\/uploads\/sites\/78\/2024\/01\/theJordanTrail-4109-768x512.jpg' width='768' height='512' alt='Jordan Trail, Petra, Teletat Al-Sofor' loading='lazy' image_size='medium_large'>\t\t\t\t\t\t\t\t\t\t\t\t\t\t\t\t\t\t\t\t\t\t\t\t\t\t\t\t\t\t\t<\/figure>\n\t\t\t\t<\/div>\n\t\t\t<\/div>\n\t\t\t\t\t<div class=\"entry\">\n\t\t\t\t<div class=\"tb-image-part\">\n\t\t\t\t\t<figure>\n\t\t\t\t\t\t<img src='https:\/\/tjt.travelblox.eu\/wp-content\/uploads\/sites\/78\/2025\/02\/TJT23_EvyVanNispen_LR-383-768x512.jpg' width='768' height='512' alt='Der Jordan Trail, Petra' loading='lazy' image_size='medium_large'>\t\t\t\t\t\t\t\t\t\t\t\t\t\t\t\t\t\t\t\t\t\t\t\t\t\t\t\t\t\t\t<\/figure>\n\t\t\t\t<\/div>\n\t\t\t<\/div>\n\t\t\t\t\t<div class=\"entry\">\n\t\t\t\t<div class=\"tb-image-part\">\n\t\t\t\t\t<figure>\n\t\t\t\t\t\t<img src='https:\/\/tjt.travelblox.eu\/wp-content\/uploads\/sites\/78\/2024\/01\/theJordanTrail-5957-768x512.jpg' width='768' height='512' alt='Campfire - Der Jordan Trail' loading='lazy' image_size='medium_large'>\t\t\t\t\t\t\t\t\t\t\t\t\t\t\t\t\t\t\t\t\t\t\t\t\t\t\t\t\t\t\t<\/figure>\n\t\t\t\t<\/div>\n\t\t\t<\/div>\n\t\t\t\t\t\t\t\t<\/div>\n\t\t\t\t\t\t<div class=\"tb-carousel-nav\">\n\t\t\t<div class=\"dots\">\n\t\t\t\t<div class=\"dot active\"><\/div>\n\t\t\t\t<div class=\"dot\"><\/div>\n\t\t\t\t<div class=\"dot\"><\/div>\n\t\t\t<\/div>\n\t\t\t<div class=\"arrows\">\n\t\t\t\t<div class=\"prev disabled\">\n\t\t\t\t\t<span><i class=\"fa fa-chevron-left\"><\/i><\/span>\n\t\t\t\t<\/div>\n\t\t\t\t<div class=\"next\">\n\t\t\t\t\t<span><i class=\"fa fa-chevron-right\"><\/i><\/span>\n\t\t\t\t<\/div>\n\t\t\t<\/div>\n\t\t<\/div>\n\t\t\t\t<\/div>\n\t\t<\/div>\n\t\t                <\/div>\n                                        <div class=\"tb-buttons mobile-only\">\n                                    <a href=\"https:\/\/travelbase.typeform.com\/TJT26FNLPrereg\" class=\"tb-button\">\n                                                    F\u00fcr Herbst 2026 vorregistrieren                                            <\/a>\n                                                    <a href=\"https:\/\/thejordantrail.org\/de\" class=\"tb-buttonlink\">\n                                                    Entdecke den Jordan Trail                                            <\/a>\n                            <\/div>\n            <\/div>\n<\/div>\n\n\n<div class=\"tb-textimage1 tb-block align-center background-light pattern-none variant-none tb-collapsible-margins\" id=\"textimage1\">\n\t<div class=\"inner-block tb-fade-in tb-fade-in--subtle\">\n\n\t\t\n\t\t<div class=\"text-part\">\n\t\t\t<h2>Lust auf eine unvergessliche Wanderung durch Jordanien?<\/h2>\n\t\t\t\t\t<div class=\"translation-block\"><p>Erlebe die Sch\u00f6nheit Jordaniens auf einer mehrt\u00e4gigen Wanderung entlang spektakul\u00e4rer Landschaften. Durchquere <strong>W\u00fcsten, Canyons und Oasen<\/strong>, tauche ein in das Leben der <strong>Beduinenst\u00e4mme<\/strong> und beende deine Reise in <strong>Petra<\/strong>, einem der <strong>sieben modernen Weltwunder<\/strong>.<\/p><p>Jetzt vorregistrieren und exklusive Vorteile sichern:<\/p><ul><li><strong>Sei die*der Erste<\/strong>, der von unserem neuen Wanderangebot 2026 erf\u00e4hrt<\/li><li><strong>Fr\u00fchzugang sichern:<\/strong> Buche 24 Stunden vor allen anderen, ab dem 17.09. um 16:00 Uhr<\/li><li><strong>Fr\u00fchbucherpreis:<\/strong> Jetzt zuschlagen und sparen<\/li><li><strong>Superflex-Versicherung:<\/strong> Kostenlos inklusive<\/li><\/ul><\/div>\n\t\t\t<\/div>\n\t<\/div>\n\t<div class=\"inner-block\">\n\t\t\t\t\t\t\t\t<\/div>\n\t<div class=\"inner-block tb-fade-in tb-fade-in--subtle\">\n\t\t<div class=\"text-part\">\n\t\t\t\t\t<div class=\"translation-block\"><\/div>\n\t\t\t\t<div class=\"tb-buttons-part\">\n\t\t\t\t\t\t\t\t\t\t\t<\/div>\n\t\t<\/div>\n\t<\/div>\n<\/div>\n\n\n\n\n\n\n<div class=\"tb-typeform tb-block align-none background-light pattern-none variant-none tb-collapsible-margins\" id=\"customhtml-2\">\n\t\t\t\t<div class=\"tb-typeform__container\" data-tf-on-question-changed=\"handleQuestionChangeEmbedTypeform\" data-tf-auto-resize=\"true\" data-tf-disable-scroll=\"true\" data-tf-live=\"01K360Y19D35QF549J7G129N5H\" ><\/div>\n\t\n\t<\/div>\n\n\n\n\n<div class=\"tb-colcompare tb-block align-center background-light pattern-none variant-cards tb-collapsible-margins\" id=\"colcompare\">\n\t<div class=\"inner-block tb-fade-in tb-fade-in--subtle\">\n\t\t<div class=\"text-part\">\n\t\t\t<h2>Warum den Jordan Trail w\u00e4hlen?<\/h2>\n\t\t\t\t\t<div class=\"translation-block\"><\/div>\n\t\t\t<\/div>\n\t<\/div>\n\t\t\t\t\t<div class=\"inner-block-full-width has-tb-carousel tb-justified\" >\n\t\t\t<div class=\"tb-carousel-container\">\n\t\t\t\t<div class=\"entries tb-cards\" data-slider-first=\"1\">\n\t\t\t\t\t\t\t\t\t<div class=\"tb-card entry tb-fade-in tb-fade-in--subtle\">\n\t\t\t\t<div class=\"tb-image-part\">\n\t\t\t\t\t<img src='https:\/\/tjt.travelblox.eu\/wp-content\/uploads\/sites\/78\/2025\/01\/Petra-768x512.jpeg' width='768' height='512' alt='cit\u00e9 Petra Jordanie' loading='lazy' image_size='medium_large'>\t\t\t\t<\/div>\n\t\t\t\t<div class=\"tb-card-content text-part\">\n\t\t\t\t\t<h5> 100% Abenteuer auf dem Jordan Trail<\/h5>\n\t\t\t\t\t\t\t<div class=\"translation-block\"><p>In nur f\u00fcnf Tagen erlebst du eine der sch\u00f6nsten <strong>Etappen des Jordan Trails<\/strong>. T\u00e4glich wanderst du 14\u201318 Kilometer durch <strong>Berge, W\u00fcsten und Schluchten<\/strong> \u2013 am Abend wartet <strong>beduinische Gastfreundschaft<\/strong> an besonderen Lagerpl\u00e4tzen unter dem Sternenhimmel.<\/p><\/div>\n\t\t\t\t\t\t<div class=\"tb-buttons-part\">\n\t\t\t\t\t\t\t\t\t\t\t<\/div>\n\t\t\t\t<\/div>\n\t\t\t<\/div>\n\t\t\t\t\t<div class=\"tb-card entry tb-fade-in tb-fade-in--subtle\">\n\t\t\t\t<div class=\"tb-image-part\">\n\t\t\t\t\t<img src='https:\/\/tjt.travelblox.eu\/wp-content\/uploads\/sites\/78\/2024\/01\/theJordanTrail-5306-768x512.jpg' width='768' height='512' alt='Sternenhimmel - Der Jordan Trail' loading='lazy' image_size='medium_large'>\t\t\t\t<\/div>\n\t\t\t\t<div class=\"tb-card-content text-part\">\n\t\t\t\t\t<h5> Bezahlbare Abenteuerreise durch Jordanien<\/h5>\n\t\t\t\t\t\t\t<div class=\"translation-block\"><p>Unser Ziel: <strong>maximales Erlebnis zu einem fairen Preis<\/strong>. Wir entwickeln unsere Reisen selbst und f\u00fchren dich auf <strong>abgelegene Routen abseits der Touristenpfade<\/strong>. So entdeckst du <strong>Jordanien authentisch<\/strong>.<\/p><p>&nbsp;<\/p><\/div>\n\t\t\t\t\t\t<div class=\"tb-buttons-part\">\n\t\t\t\t\t\t\t\t\t\t\t<\/div>\n\t\t\t\t<\/div>\n\t\t\t<\/div>\n\t\t\t\t\t<div class=\"tb-card entry tb-fade-in tb-fade-in--subtle\">\n\t\t\t\t<div class=\"tb-image-part\">\n\t\t\t\t\t<img src='https:\/\/tjt.travelblox.eu\/wp-content\/uploads\/sites\/78\/2024\/01\/theJordanTrail-5957-768x512.jpg' width='768' height='512' alt='Campfire - Der Jordan Trail' loading='lazy' image_size='medium_large'>\t\t\t\t<\/div>\n\t\t\t\t<div class=\"tb-card-content text-part\">\n\t\t\t\t\t<h5> Gut organisiert, mit Guides erleben<\/h5>\n\t\t\t\t\t\t\t<div class=\"translation-block\"><p>Auf dem <strong>Jordan Trail<\/strong> begleiten dich ein <strong>deutschsprachige Guides<\/strong> sowie erfahrene <strong>lokale Guides<\/strong>, die dich sicher durch die Etappe f\u00fchren. So genie\u00dft du die Wanderung entspannt, w\u00e4hrend wir uns um alle Details k\u00fcmmern \u2013 von <strong>Unterkunft und Logistik<\/strong> bis hin zu <strong>Sicherheit und Verpflegung<\/strong>.&nbsp;<\/p><\/div>\n\t\t\t\t\t\t<div class=\"tb-buttons-part\">\n\t\t\t\t\t\t\t\t\t\t\t<\/div>\n\t\t\t\t<\/div>\n\t\t\t<\/div>\n\t\t\t\t\t<div class=\"tb-card entry tb-fade-in tb-fade-in--subtle\">\n\t\t\t\t<div class=\"tb-image-part\">\n\t\t\t\t\t<img src='https:\/\/tjt.travelblox.eu\/wp-content\/uploads\/sites\/78\/2025\/02\/compressed_image-1-768x512.jpg' width='768' height='512' alt='Der Jordan Trail, Petra' loading='lazy' image_size='medium_large'>\t\t\t\t<\/div>\n\t\t\t\t<div class=\"tb-card-content text-part\">\n\t\t\t\t\t<h5> Nachhaltig und bewusst reisen<\/h5>\n\t\t\t\t\t\t\t<div class=\"translation-block\"><p>Wir unterst\u00fctzen <strong>lokale Projekte<\/strong>, arbeiten eng mit Gemeinden zusammen und reduzieren die CO\u2082-Emissionen unserer Reisen. So wird deine <strong>Wanderreise durch Jordanien<\/strong> zu einem Abenteuer mit <strong>positiver Wirkung<\/strong>.<\/p><\/div>\n\t\t\t\t\t\t<div class=\"tb-buttons-part\">\n\t\t\t\t\t\t\t\t\t\t\t<\/div>\n\t\t\t\t<\/div>\n\t\t\t<\/div>\n\t\t\t\t\t\t\t\t<\/div>\n\t\t\t\t\t\t<div class=\"tb-carousel-nav\">\n\t\t\t<div class=\"dots\">\n\t\t\t\t<div class=\"dot active\"><\/div>\n\t\t\t\t<div class=\"dot\"><\/div>\n\t\t\t\t<div class=\"dot\"><\/div>\n\t\t\t<\/div>\n\t\t\t<div class=\"arrows\">\n\t\t\t\t<div class=\"prev disabled\">\n\t\t\t\t\t<span><i class=\"fa fa-chevron-left\"><\/i><\/span>\n\t\t\t\t<\/div>\n\t\t\t\t<div class=\"next\">\n\t\t\t\t\t<span><i class=\"fa fa-chevron-right\"><\/i><\/span>\n\t\t\t\t<\/div>\n\t\t\t<\/div>\n\t\t<\/div>\n\t\t\t\t<\/div>\n\t\t<\/div>\n\t\t\t\t\t<div class=\"inner-block\">\n\t\t\t<div class=\"text-part\">\n\t\t\t\t\t\t<div class=\"translation-block\"><\/div>\n\t\t\t\t\t<div class=\"tb-buttons-part\">\n\t\t\t\t\t\t\t<a href=\"https:\/\/travelbase.typeform.com\/TJT26FNLPrereg\"  target=\"_blank\" data-mode=\"popup\" data-url=\"https:\/\/travelbase.typeform.com\/TJT26FNLPrereg\" class=\"tb-button typeform-share\">\n\t\t\tF\u00fcr Herbst 2026 vorregistrieren\t\t<\/a>\n\t\t\t\t\t<script>\n\t\t\t\t(function() {\n\t\t\t\t\tvar qs, js, q, s, d = document,\n\t\t\t\t\t\tgi = d.getElementById,\n\t\t\t\t\t\tce = d.createElement,\n\t\t\t\t\t\tgt = d.getElementsByTagName,\n\t\t\t\t\t\tid = \"typef_orm_share\",\n\t\t\t\t\t\tb = \"https:\/\/embed.typeform.com\/\";\n\t\t\t\t\tif (!gi.call(d, id)) {\n\t\t\t\t\t\tjs = ce.call(d, \"script\");\n\t\t\t\t\t\tjs.id = id;\n\t\t\t\t\t\tjs.src = b + \"embed.js\";\n\t\t\t\t\t\tq = gt.call(d, \"script\")[0];\n\t\t\t\t\t\tq.parentNode.insertBefore(js, q);\n\t\t\t\t\t}\n\t\t\t\t})();\n\t\t\t<\/script>\n\t\t\t\t\t\t<\/div>\n\t\t\t<\/div>\n\t\t<\/div>\n\t<\/div>","protected":false},"excerpt":{"rendered":"","protected":false},"author":66,"featured_media":824,"parent":0,"menu_order":0,"comment_status":"closed","ping_status":"closed","template":"","meta":{"_acf_changed":false,"inline_featured_image":false,"footnotes":""},"class_list":["post-1088","page","type-page","status-publish","has-post-thumbnail","hentry"],"acf":{"page_package_ids":"","is_main_package_page":false,"additional_linked_packages":[],"feed_page_to_atlas":false},"_links":{"self":[{"href":"https:\/\/tjt.travelblox.eu\/de\/wp-json\/wp\/v2\/pages\/1088","targetHints":{"allow":["GET"]}}],"collection":[{"href":"https:\/\/tjt.travelblox.eu\/de\/wp-json\/wp\/v2\/pages"}],"about":[{"href":"https:\/\/tjt.travelblox.eu\/de\/wp-json\/wp\/v2\/types\/page"}],"author":[{"embeddable":true,"href":"https:\/\/tjt.travelblox.eu\/de\/wp-json\/wp\/v2\/users\/66"}],"replies":[{"embeddable":true,"href":"https:\/\/tjt.travelblox.eu\/de\/wp-json\/wp\/v2\/comments?post=1088"}],"version-history":[{"count":19,"href":"https:\/\/tjt.travelblox.eu\/de\/wp-json\/wp\/v2\/pages\/1088\/revisions"}],"predecessor-version":[{"id":1473,"href":"https:\/\/tjt.travelblox.eu\/de\/wp-json\/wp\/v2\/pages\/1088\/revisions\/1473"}],"wp:featuredmedia":[{"embeddable":true,"href":"https:\/\/tjt.travelblox.eu\/de\/wp-json\/wp\/v2\/media\/824"}],"wp:attachment":[{"href":"https:\/\/tjt.travelblox.eu\/de\/wp-json\/wp\/v2\/media?parent=1088"}],"curies":[{"name":"wp","href":"https:\/\/api.w.org\/{rel}","templated":true}]}}