{"id":1088,"date":"2025-08-27T07:59:50","date_gmt":"2025-08-27T07:59:50","guid":{"rendered":"https:\/\/tjt.travelblox.eu\/?page_id=1088"},"modified":"2026-02-11T10:03:38","modified_gmt":"2026-02-11T10:03:38","slug":"prereg-jordan-trail-v2","status":"publish","type":"page","link":"https:\/\/tjt.travelblox.eu\/fr\/prereg-jordan-trail-v2\/","title":{"rendered":"Prereg Jordan Trail V2"},"content":{"rendered":"<div class=\"tb-header tb-block align-center background-dark pattern-none variant-none\" id=\"header\" data-fallback-background=\"https:\/\/vz-2d98b19f-729.b-cdn.net\/37a4f2e9-3688-43fa-a713-eeae62588cc7\/thumbnail.jpg\" style=\"background-image: url('https:\/\/vz-2d98b19f-729.b-cdn.net\/37a4f2e9-3688-43fa-a713-eeae62588cc7\/thumbnail.jpg'); background-position:center;\">\n    <div class=\"tb-header-foreground\">\n        <div class=\"inner-block\">\n\n            <div class=\"main-part\">\n                <div class=\"text-part\">\n                                                                                            <h1>\t<span class=\"tb-logo\"  style=\"-webkit-mask-image: url(https:\/\/tjt.travelblox.eu\/wp-content\/uploads\/sites\/78\/2025\/06\/TJT_Logo-Remake2021-WIT.svg); mask-image: url(https:\/\/tjt.travelblox.eu\/wp-content\/uploads\/sites\/78\/2025\/06\/TJT_Logo-Remake2021-WIT.svg)\">\n\t\t<img src='https:\/\/tjt.travelblox.eu\/wp-content\/uploads\/sites\/78\/2025\/06\/TJT_Logo-Remake2021-WIT.svg' width='1024' height='1024' alt='Le logo du Jordan Trail' title='Jordan Trail' loading='lazy'>\n\t<\/span>\n<\/h1>\n                                                                                        <h2 class=\"tb-subtitle\">\t\t<div class=\"translation-block\"><p>Marchez le long du Jordan Trail vers Petra : une route commerciale l\u00e9gendaire \u00e0 travers le Moyen-Orient<\/p><\/div>\n\t<\/h2>\n                                                                                                                                <div class=\"tb-buttons-part\">\n                                                            \t\t<a href=\"https:\/\/travelbase.typeform.com\/TJT26AFRPrereg\"  target=\"_blank\" data-mode=\"popup\" data-url=\"https:\/\/travelbase.typeform.com\/TJT26FNLPrereg\" class=\"tb-button typeform-share\">\n\t\t\tSe pr\u00e9inscrire pour 2026\t\t<\/a>\n\t\t\t\t\t<script>\n\t\t\t\t(function() {\n\t\t\t\t\tvar qs, js, q, s, d = document,\n\t\t\t\t\t\tgi = d.getElementById,\n\t\t\t\t\t\tce = d.createElement,\n\t\t\t\t\t\tgt = d.getElementsByTagName,\n\t\t\t\t\t\tid = \"typef_orm_share\",\n\t\t\t\t\t\tb = \"https:\/\/embed.typeform.com\/\";\n\t\t\t\t\tif (!gi.call(d, id)) {\n\t\t\t\t\t\tjs = ce.call(d, \"script\");\n\t\t\t\t\t\tjs.id = id;\n\t\t\t\t\t\tjs.src = b + \"embed.js\";\n\t\t\t\t\t\tq = gt.call(d, \"script\")[0];\n\t\t\t\t\t\tq.parentNode.insertBefore(js, q);\n\t\t\t\t\t}\n\t\t\t\t})();\n\t\t\t<\/script>\n\t\t                                                                                        \t\t<a href=\"https:\/\/thejordantrail.org\/\"  target=\"\" class=\"tb-buttonlink\">\n\t\t\tPlus d'infos sur le Jordan Trail\t\t<\/a>\n\t\t                                                    <\/div>\n                                                        <\/div>\n            <\/div>\n            \n                    <\/div>\n    <\/div>\n\n                        <div class=\"tb-header-background tb-header-background--has-iframe\">\n                        <iframe src=\"https:\/\/iframe.mediadelivery.net\/embed\/306445\/37a4f2e9-3688-43fa-a713-eeae62588cc7?autoplay=true&#038;preload=true&#038;loop=true&#038;responsive=true&#038;muted=true\" allow=\"accelerometer;gyroscope;encrypted-media;picture-in-picture;autoplay;muted;\" allowfullscreen=\"true\" style=\"border: none;\" loading=\"lazy\"><\/iframe>                    <\/div>\n    \n    \n<\/div>\n\n\n<div class=\"tb-intro tb-block align-none background-middle pattern-none variant-none tb-collapsible-margins\" id=\"intro\">\n    <div class=\"inner-block tb-fade-in tb-fade-in--subtle\">\n\n        \n\n        <div class=\"text-part content-part\">\n            <div class=\"title-meta-inclusive\">\n                <div class=\"title-and-meta\">\n                                            <div class=\"title-part\">\n                                                            <h3>Envie d'une randonn\u00e9e \u00e0 travers la Jordanie ?<\/h3>\n                                                                                                                            <h4>\t\t<div class=\"translation-block\">Jordan Trail<\/div>\n\t<\/h4>\n                                                                                    <\/div>\n                                        <ul class=\"meta-data\">\n                                                    <li>\n                                <i class=\"fa fa-regular fa-tag\"><\/i>\n                                <span>Shobak &#8211; Petra<\/span>\n                            <\/li>\n                                                                            <li>\n                                <i class=\"fa fa-regular fa-calendar\"><\/i>\n                                <span><p>automne 2026<\/p>\n<\/span>\n                            <\/li>\n                                            <\/ul>\n                <\/div>\n                                    <div class=\"inclusive\">\n                                                    <h6>Inclus dans le prix de base<\/h6>\n                                                <ul class=\"\">\n                                                            <li class=\"visible\">\n                                                                            \t\t\t\t<i class=\"icon fa-solid fa-person-hiking\" aria-hidden=\"true\"><\/i>\n\t\t\t                                                                                                                <span>Accompagnement par des guides<\/span>\n                                                                    <\/li>\n                                                            <li class=\"visible\">\n                                                                            \t\t\t\t<i class=\"icon fa-solid fa-tent\" aria-hidden=\"true\"><\/i>\n\t\t\t                                                                                                                <span>4 nuits de camping dans des lieux uniques<\/span>\n                                                                    <\/li>\n                                                            <li class=\"visible\">\n                                                                            \t\t\t\t<i class=\"icon fa-kit fa-tb-icon-hotel\" aria-hidden=\"true\"><\/i>\n\t\t\t                                                                                                                <span>2 nuits d'h\u00f4tel (Amman et P\u00e9tra)<\/span>\n                                                                    <\/li>\n                                                            <li class=\"visible\">\n                                                                            \t\t\t\t<i class=\"icon fa-kit fa-tb-icon-jeep\" aria-hidden=\"true\"><\/i>\n\t\t\t                                                                                                                <span> Transports internes en navette (sauf les trajets vers et depuis l'a\u00e9roport)<\/span>\n                                                                    <\/li>\n                                                            <li class=\"visible\">\n                                                                            \t\t\t\t<i class=\"icon fa-solid fa-bolt\" aria-hidden=\"true\"><\/i>\n\t\t\t                                                                                                                <span>Transport des bagages entre chaque camping<\/span>\n                                                                    <\/li>\n                                                    <\/ul>\n                                            <\/div>\n                            <\/div>\n\n                            <div class=\"tb-buttons desktop-only\">\n                                            <a href=\"https:\/\/travelbase.typeform.com\/TJT26AFRPrereg\" class=\"tb-button\">\n                                                            Pr\u00e9inscrivez-vous maintenant                                                    <\/a>\n                                                                <a href=\"https:\/\/thejordantrail.org\/\" class=\"tb-buttonlink\">\n                                                            D\u00e9couvrez le Jordan Trail \u2192                                                    <\/a>\n                                    <\/div>\n                    <\/div>\n                                    <div class=\"image-part\">\n                    \t\t\t\t<div class=\"inner-block-full-width has-tb-carousel tb-carousel-slider\" >\n\t\t\t<div class=\"tb-carousel-container\">\n\t\t\t\t<div class=\"entries tb-cards\" data-slider-first=\"0\">\n\t\t\t\t\t\t\t\t\t<div class=\"entry\">\n\t\t\t\t<div class=\"tb-image-part\">\n\t\t\t\t\t<figure>\n\t\t\t\t\t\t<img src='https:\/\/tjt.travelblox.eu\/wp-content\/uploads\/sites\/78\/2024\/01\/derjordantrail-nicaseitz-und-simeonkraeft-8-768x512.jpg' width='768' height='512' alt='Wadi Gwher - Le sentier de Jordanie' loading='lazy' image_size='medium_large'>\t\t\t\t\t\t\t\t\t\t\t\t\t\t\t\t\t\t\t\t\t\t\t\t\t\t\t\t\t\t\t<\/figure>\n\t\t\t\t<\/div>\n\t\t\t<\/div>\n\t\t\t\t\t<div class=\"entry\">\n\t\t\t\t<div class=\"tb-image-part\">\n\t\t\t\t\t<figure>\n\t\t\t\t\t\t<img src='https:\/\/tjt.travelblox.eu\/wp-content\/uploads\/sites\/78\/2024\/01\/theJordanTrail-4109-768x512.jpg' width='768' height='512' alt='Jordan Trail, Petra, Teletat Al-Sofor' loading='lazy' image_size='medium_large'>\t\t\t\t\t\t\t\t\t\t\t\t\t\t\t\t\t\t\t\t\t\t\t\t\t\t\t\t\t\t\t<\/figure>\n\t\t\t\t<\/div>\n\t\t\t<\/div>\n\t\t\t\t\t<div class=\"entry\">\n\t\t\t\t<div class=\"tb-image-part\">\n\t\t\t\t\t<figure>\n\t\t\t\t\t\t<img src='https:\/\/tjt.travelblox.eu\/wp-content\/uploads\/sites\/78\/2025\/02\/TJT23_EvyVanNispen_LR-383-768x512.jpg' width='768' height='512' alt='Le Jordan Trail, Petra' loading='lazy' image_size='medium_large'>\t\t\t\t\t\t\t\t\t\t\t\t\t\t\t\t\t\t\t\t\t\t\t\t\t\t\t\t\t\t\t<\/figure>\n\t\t\t\t<\/div>\n\t\t\t<\/div>\n\t\t\t\t\t<div class=\"entry\">\n\t\t\t\t<div class=\"tb-image-part\">\n\t\t\t\t\t<figure>\n\t\t\t\t\t\t<img src='https:\/\/tjt.travelblox.eu\/wp-content\/uploads\/sites\/78\/2024\/01\/theJordanTrail-5957-768x512.jpg' width='768' height='512' alt='Campfire - Le Sentier de Jordanie' loading='lazy' image_size='medium_large'>\t\t\t\t\t\t\t\t\t\t\t\t\t\t\t\t\t\t\t\t\t\t\t\t\t\t\t\t\t\t\t<\/figure>\n\t\t\t\t<\/div>\n\t\t\t<\/div>\n\t\t\t\t\t\t\t\t<\/div>\n\t\t\t\t\t\t<div class=\"tb-carousel-nav\">\n\t\t\t<div class=\"dots\">\n\t\t\t\t<div class=\"dot active\"><\/div>\n\t\t\t\t<div class=\"dot\"><\/div>\n\t\t\t\t<div class=\"dot\"><\/div>\n\t\t\t<\/div>\n\t\t\t<div class=\"arrows\">\n\t\t\t\t<div class=\"prev disabled\">\n\t\t\t\t\t<span><i class=\"fa fa-chevron-left\"><\/i><\/span>\n\t\t\t\t<\/div>\n\t\t\t\t<div class=\"next\">\n\t\t\t\t\t<span><i class=\"fa fa-chevron-right\"><\/i><\/span>\n\t\t\t\t<\/div>\n\t\t\t<\/div>\n\t\t<\/div>\n\t\t\t\t<\/div>\n\t\t<\/div>\n\t\t                <\/div>\n                                        <div class=\"tb-buttons mobile-only\">\n                                    <a href=\"https:\/\/travelbase.typeform.com\/TJT26AFRPrereg\" class=\"tb-button\">\n                                                    Pr\u00e9inscrivez-vous maintenant                                            <\/a>\n                                                    <a href=\"https:\/\/thejordantrail.org\/\" class=\"tb-buttonlink\">\n                                                    D\u00e9couvrez le Jordan Trail \u2192                                            <\/a>\n                            <\/div>\n            <\/div>\n<\/div>\n\n\n<div class=\"tb-textimage1 tb-block align-center background-light pattern-none variant-none tb-collapsible-margins\" id=\"textimage1\">\n\t<div class=\"inner-block tb-fade-in tb-fade-in--subtle\">\n\n\t\t\n\t\t<div class=\"text-part\">\n\t\t\t<h2>Envie d'une randonn\u00e9e en Jordanie ?<\/h2>\n\t\t\t\t\t<div class=\"translation-block\"><p>D\u00e9couvrez la beaut\u00e9 de la Jordanie lors d'une randonn\u00e9e de plusieurs jours. Marchez \u00e0 travers le d\u00e9sert, les canyons et les oasis, et suivez la vie de la tribu b\u00e9douine. Terminez votre voyage dans la magnifique <i>Petra<\/i>, l'une des sept merveilles du monde moderne.<\/p><p>Pr\u00e9inscrivez-vous maintenant et profitez de nombreux avantages :<\/p><ul><li>Nous <strong>vous informerons en premier<\/strong> de notre nouvelle offre<\/li><li><strong>R\u00e9servez en premier !<\/strong> Acc\u00e8s 24h plus t\u00f4t, \u00e0 partir du 17\/09 \u00e0 16h<\/li><li>Profitez du tarif <strong>Early Bird<\/strong><\/li><li><strong>Conditions de r\u00e9servation ultra-flexibles<\/strong> gratuites<\/li><\/ul><\/div>\n\t\t\t<\/div>\n\t<\/div>\n\t<div class=\"inner-block\">\n\t\t\t\t\t\t\t\t<\/div>\n\t<div class=\"inner-block tb-fade-in tb-fade-in--subtle\">\n\t\t<div class=\"text-part\">\n\t\t\t\t\t<div class=\"translation-block\"><\/div>\n\t\t\t\t<div class=\"tb-buttons-part\">\n\t\t\t\t\t\t\t\t\t\t\t<\/div>\n\t\t<\/div>\n\t<\/div>\n<\/div>\n\n\n\n\n<div class=\"tb-typeform tb-block align-none background-light pattern-none variant-none tb-collapsible-margins\" id=\"customhtml-1\">\n\t\t\t\t<div class=\"tb-typeform__container\" data-tf-on-question-changed=\"handleQuestionChangeEmbedTypeform\" data-tf-auto-resize=\"true\" data-tf-disable-scroll=\"true\" data-tf-live=\"01K360VWRET550Q3C636VZDDG7\" ><\/div>\n\t\n\t<\/div>\n\n\n\n\n\n\n<div class=\"tb-colcompare tb-block align-center background-light pattern-none variant-cards tb-collapsible-margins\" id=\"colcompare\">\n\t<div class=\"inner-block tb-fade-in tb-fade-in--subtle\">\n\t\t<div class=\"text-part\">\n\t\t\t<h2>Pourquoi choisir le Jordan Trail ?<\/h2>\n\t\t\t\t\t<div class=\"translation-block\"><\/div>\n\t\t\t<\/div>\n\t<\/div>\n\t\t\t\t\t<div class=\"inner-block-full-width has-tb-carousel tb-justified\" >\n\t\t\t<div class=\"tb-carousel-container\">\n\t\t\t\t<div class=\"entries tb-cards\" data-slider-first=\"1\">\n\t\t\t\t\t\t\t\t\t<div class=\"tb-card entry tb-fade-in tb-fade-in--subtle\">\n\t\t\t\t<div class=\"tb-image-part\">\n\t\t\t\t\t<img src='https:\/\/tjt.travelblox.eu\/wp-content\/uploads\/sites\/78\/2025\/01\/Petra-768x512.jpeg' width='768' height='512' alt='cit\u00e9 Petra Jordanie' loading='lazy' image_size='medium_large'>\t\t\t\t<\/div>\n\t\t\t\t<div class=\"tb-card-content text-part\">\n\t\t\t\t\t<h5> 100% aventure<\/h5>\n\t\t\t\t\t\t\t<div class=\"translation-block\"><p>En cinq jours, vous marcherez sur une partie du <strong>l\u00e9gendaire Jordan Trail.<\/strong> Pendant la journ\u00e9e, vous parcourrez entre 14 et 18 kilom\u00e8tres \u00e0 travers des montagnes, des d\u00e9serts et des canyons, et le soir, vous profiterez de l'hospitalit\u00e9 b\u00e9douine dans des camps au milieu de la nature sous un ciel \u00e9toil\u00e9.<\/p><\/div>\n\t\t\t\t\t\t<div class=\"tb-buttons-part\">\n\t\t\t\t\t\t\t\t\t\t\t<\/div>\n\t\t\t\t<\/div>\n\t\t\t<\/div>\n\t\t\t\t\t<div class=\"tb-card entry tb-fade-in tb-fade-in--subtle\">\n\t\t\t\t<div class=\"tb-image-part\">\n\t\t\t\t\t<img src='https:\/\/tjt.travelblox.eu\/wp-content\/uploads\/sites\/78\/2024\/01\/theJordanTrail-5306-768x512.jpg' width='768' height='512' alt='Ciel \u00e9toil\u00e9 - Le Sentier de Jordanie' loading='lazy' image_size='medium_large'>\t\t\t\t<\/div>\n\t\t\t\t<div class=\"tb-card-content text-part\">\n\t\t\t\t\t<h5> Abordable<\/h5>\n\t\t\t\t\t\t\t<div class=\"translation-block\"><p>Notre mission est de vous offrir le maximum d'aventure pour votre argent ! Nous y parvenons en d\u00e9veloppant nos propres <strong>voyages de A \u00e0 Z<\/strong> et en recherchant des aventures en dehors des sentiers battus.<\/p><\/div>\n\t\t\t\t\t\t<div class=\"tb-buttons-part\">\n\t\t\t\t\t\t\t\t\t\t\t<\/div>\n\t\t\t\t<\/div>\n\t\t\t<\/div>\n\t\t\t\t\t<div class=\"tb-card entry tb-fade-in tb-fade-in--subtle\">\n\t\t\t\t<div class=\"tb-image-part\">\n\t\t\t\t\t<img src='https:\/\/tjt.travelblox.eu\/wp-content\/uploads\/sites\/78\/2024\/01\/theJordanTrail-5957-768x512.jpg' width='768' height='512' alt='Campfire - Le Sentier de Jordanie' loading='lazy' image_size='medium_large'>\t\t\t\t<\/div>\n\t\t\t\t<div class=\"tb-card-content text-part\">\n\t\t\t\t\t<h5> Bien organis\u00e9<\/h5>\n\t\t\t\t\t\t\t<div class=\"translation-block\"><p>Tous les aspects pratiques sont g\u00e9r\u00e9s par nos soins, afin que vous puissiez <strong>profiter pleinement<\/strong> tout en explorant de mani\u00e8re autonome. Nos voyageurs nous attribuent une note moyenne de 4,8\/5.<\/p><\/div>\n\t\t\t\t\t\t<div class=\"tb-buttons-part\">\n\t\t\t\t\t\t\t\t\t\t\t<\/div>\n\t\t\t\t<\/div>\n\t\t\t<\/div>\n\t\t\t\t\t<div class=\"tb-card entry tb-fade-in tb-fade-in--subtle\">\n\t\t\t\t<div class=\"tb-image-part\">\n\t\t\t\t\t<img src='https:\/\/tjt.travelblox.eu\/wp-content\/uploads\/sites\/78\/2025\/02\/compressed_image-1-768x512.jpg' width='768' height='512' alt='Le Jordan Trail, Petra' loading='lazy' image_size='medium_large'>\t\t\t\t<\/div>\n\t\t\t\t<div class=\"tb-card-content text-part\">\n\t\t\t\t\t<h5> Conscient<\/h5>\n\t\t\t\t\t\t\t<div class=\"translation-block\"><p>En soutenant des projets locaux sur place et en minimisant les \u00e9missions de CO2 de nos voyages, nous essayons de cr\u00e9er un <strong>impact positif<\/strong> gr\u00e2ce \u00e0 votre voyage.<\/p><\/div>\n\t\t\t\t\t\t<div class=\"tb-buttons-part\">\n\t\t\t\t\t\t\t\t\t\t\t<\/div>\n\t\t\t\t<\/div>\n\t\t\t<\/div>\n\t\t\t\t\t\t\t\t<\/div>\n\t\t\t\t\t\t<div class=\"tb-carousel-nav\">\n\t\t\t<div class=\"dots\">\n\t\t\t\t<div class=\"dot active\"><\/div>\n\t\t\t\t<div class=\"dot\"><\/div>\n\t\t\t\t<div class=\"dot\"><\/div>\n\t\t\t<\/div>\n\t\t\t<div class=\"arrows\">\n\t\t\t\t<div class=\"prev disabled\">\n\t\t\t\t\t<span><i class=\"fa fa-chevron-left\"><\/i><\/span>\n\t\t\t\t<\/div>\n\t\t\t\t<div class=\"next\">\n\t\t\t\t\t<span><i class=\"fa fa-chevron-right\"><\/i><\/span>\n\t\t\t\t<\/div>\n\t\t\t<\/div>\n\t\t<\/div>\n\t\t\t\t<\/div>\n\t\t<\/div>\n\t\t\t\t\t<div class=\"inner-block\">\n\t\t\t<div class=\"text-part\">\n\t\t\t\t\t\t<div class=\"translation-block\"><\/div>\n\t\t\t\t\t<div class=\"tb-buttons-part\">\n\t\t\t\t\t\t\t<a href=\"https:\/\/travelbase.typeform.com\/TJT26AFRPrereg\"  target=\"_blank\" data-mode=\"popup\" data-url=\"https:\/\/travelbase.typeform.com\/TJT26FNLPrereg\" class=\"tb-button typeform-share\">\n\t\t\tPr\u00e9inscrivez-vous maintenant\t\t<\/a>\n\t\t\t\t\t<script>\n\t\t\t\t(function() {\n\t\t\t\t\tvar qs, js, q, s, d = document,\n\t\t\t\t\t\tgi = d.getElementById,\n\t\t\t\t\t\tce = d.createElement,\n\t\t\t\t\t\tgt = d.getElementsByTagName,\n\t\t\t\t\t\tid = \"typef_orm_share\",\n\t\t\t\t\t\tb = \"https:\/\/embed.typeform.com\/\";\n\t\t\t\t\tif (!gi.call(d, id)) {\n\t\t\t\t\t\tjs = ce.call(d, \"script\");\n\t\t\t\t\t\tjs.id = id;\n\t\t\t\t\t\tjs.src = b + \"embed.js\";\n\t\t\t\t\t\tq = gt.call(d, \"script\")[0];\n\t\t\t\t\t\tq.parentNode.insertBefore(js, q);\n\t\t\t\t\t}\n\t\t\t\t})();\n\t\t\t<\/script>\n\t\t\t\t\t\t<\/div>\n\t\t\t<\/div>\n\t\t<\/div>\n\t<\/div>","protected":false},"excerpt":{"rendered":"","protected":false},"author":66,"featured_media":824,"parent":0,"menu_order":0,"comment_status":"closed","ping_status":"closed","template":"","meta":{"_acf_changed":false,"inline_featured_image":false,"footnotes":""},"class_list":["post-1088","page","type-page","status-publish","has-post-thumbnail","hentry"],"acf":{"page_package_ids":"","is_main_package_page":false,"additional_linked_packages":[],"feed_page_to_atlas":false},"_links":{"self":[{"href":"https:\/\/tjt.travelblox.eu\/fr\/wp-json\/wp\/v2\/pages\/1088","targetHints":{"allow":["GET"]}}],"collection":[{"href":"https:\/\/tjt.travelblox.eu\/fr\/wp-json\/wp\/v2\/pages"}],"about":[{"href":"https:\/\/tjt.travelblox.eu\/fr\/wp-json\/wp\/v2\/types\/page"}],"author":[{"embeddable":true,"href":"https:\/\/tjt.travelblox.eu\/fr\/wp-json\/wp\/v2\/users\/66"}],"replies":[{"embeddable":true,"href":"https:\/\/tjt.travelblox.eu\/fr\/wp-json\/wp\/v2\/comments?post=1088"}],"version-history":[{"count":19,"href":"https:\/\/tjt.travelblox.eu\/fr\/wp-json\/wp\/v2\/pages\/1088\/revisions"}],"predecessor-version":[{"id":1473,"href":"https:\/\/tjt.travelblox.eu\/fr\/wp-json\/wp\/v2\/pages\/1088\/revisions\/1473"}],"wp:featuredmedia":[{"embeddable":true,"href":"https:\/\/tjt.travelblox.eu\/fr\/wp-json\/wp\/v2\/media\/824"}],"wp:attachment":[{"href":"https:\/\/tjt.travelblox.eu\/fr\/wp-json\/wp\/v2\/media?parent=1088"}],"curies":[{"name":"wp","href":"https:\/\/api.w.org\/{rel}","templated":true}]}}